{"id":1280,"date":"2026-02-02T10:02:33","date_gmt":"2026-02-02T08:02:33","guid":{"rendered":"https:\/\/gynaikologos-komotini.gr\/epikaira-themata\/"},"modified":"2026-04-08T12:56:42","modified_gmt":"2026-04-08T09:56:42","slug":"epikaira-themata","status":"publish","type":"page","link":"https:\/\/gynaikologos-komotini.gr\/tr\/epikaira-themata\/","title":{"rendered":"G\u00fcncel Konular"},"content":{"rendered":"\t\t<div data-elementor-type=\"wp-page\" data-elementor-id=\"1280\" class=\"elementor elementor-1280 elementor-321\" data-elementor-post-type=\"page\">\n\t\t\t\t<div class=\"elementor-element elementor-element-54d9ce4c e-flex e-con-boxed e-con e-parent\" data-id=\"54d9ce4c\" data-element_type=\"container\" data-e-type=\"container\" data-settings=\"{&quot;background_background&quot;:&quot;classic&quot;}\">\n\t\t\t\t\t<div class=\"e-con-inner\">\n\t\t\t\t<div class=\"elementor-element elementor-element-6586250c elementor-invisible elementor-widget elementor-widget-heading\" data-id=\"6586250c\" data-element_type=\"widget\" data-e-type=\"widget\" data-settings=\"{&quot;_animation&quot;:&quot;fadeIn&quot;}\" data-widget_type=\"heading.default\">\n\t\t\t\t\t<h1 class=\"elementor-heading-title elementor-size-default\">G\u00fcncel Konular <\/h1>\t\t\t\t<\/div>\n\t\t\t\t<div class=\"elementor-element elementor-element-59137345 elementor-invisible elementor-widget elementor-widget-heading\" data-id=\"59137345\" data-element_type=\"widget\" data-e-type=\"widget\" data-settings=\"{&quot;_animation&quot;:&quot;fadeIn&quot;}\" data-widget_type=\"heading.default\">\n\t\t\t\t\t<h2 class=\"elementor-heading-title elementor-size-default\">Jinekoloji konular\u0131 - Obstetrik konular\u0131<\/h2>\t\t\t\t<\/div>\n\t\t\t\t\t<\/div>\n\t\t\t\t<\/div>\n\t\t<div class=\"elementor-element elementor-element-79b80d67 e-flex e-con-boxed e-con e-parent\" data-id=\"79b80d67\" data-element_type=\"container\" data-e-type=\"container\" data-settings=\"{&quot;background_background&quot;:&quot;classic&quot;}\">\n\t\t\t\t\t<div class=\"e-con-inner\">\n\t\t<div class=\"elementor-element elementor-element-6d8a2e3a e-con-full e-flex e-con e-child\" data-id=\"6d8a2e3a\" data-element_type=\"container\" data-e-type=\"container\">\n\t\t\t\t<div class=\"elementor-element elementor-element-2f6b376c elementor-widget-divider--view-line elementor-invisible elementor-widget elementor-widget-divider\" data-id=\"2f6b376c\" data-element_type=\"widget\" data-e-type=\"widget\" data-settings=\"{&quot;_animation&quot;:&quot;fadeIn&quot;}\" data-widget_type=\"divider.default\">\n\t\t\t\t\t\t\t<div class=\"elementor-divider\">\n\t\t\t<span class=\"elementor-divider-separator\">\n\t\t\t\t\t\t<\/span>\n\t\t<\/div>\n\t\t\t\t\t\t<\/div>\n\t\t\t\t<\/div>\n\t\t\t\t\t<\/div>\n\t\t\t\t<\/div>\n\t\t<div class=\"elementor-element elementor-element-35cf158d e-flex e-con-boxed e-con e-parent\" data-id=\"35cf158d\" data-element_type=\"container\" data-e-type=\"container\" data-settings=\"{&quot;background_background&quot;:&quot;classic&quot;}\">\n\t\t\t\t\t<div class=\"e-con-inner\">\n\t\t<div class=\"elementor-element elementor-element-2e8bd75f e-con-full e-flex e-con e-child\" data-id=\"2e8bd75f\" data-element_type=\"container\" data-e-type=\"container\" data-settings=\"{&quot;background_background&quot;:&quot;classic&quot;}\">\n\t\t\t\t<div class=\"elementor-element elementor-element-398cea93 elementor-widget-divider--view-line elementor-invisible elementor-widget elementor-widget-divider\" data-id=\"398cea93\" data-element_type=\"widget\" data-e-type=\"widget\" data-settings=\"{&quot;_animation&quot;:&quot;fadeIn&quot;}\" data-widget_type=\"divider.default\">\n\t\t\t\t\t\t\t<div class=\"elementor-divider\">\n\t\t\t<span class=\"elementor-divider-separator\">\n\t\t\t\t\t\t<\/span>\n\t\t<\/div>\n\t\t\t\t\t\t<\/div>\n\t\t\t\t<\/div>\n\t\t\t\t\t<\/div>\n\t\t\t\t<\/div>\n\t\t<div class=\"elementor-element elementor-element-6d3ec5e5 e-flex e-con-boxed e-con e-parent\" data-id=\"6d3ec5e5\" data-element_type=\"container\" data-e-type=\"container\" data-settings=\"{&quot;background_background&quot;:&quot;classic&quot;}\">\n\t\t\t\t\t<div class=\"e-con-inner\">\n\t\t<div class=\"elementor-element elementor-element-4858ba44 e-con-full e-flex e-con e-child\" data-id=\"4858ba44\" data-element_type=\"container\" data-e-type=\"container\">\n\t\t\t\t<div class=\"elementor-element elementor-element-01cea2c elementor-grid-3 elementor-grid-tablet-2 elementor-grid-mobile-1 elementor-widget elementor-widget-loop-grid\" data-id=\"01cea2c\" data-element_type=\"widget\" data-e-type=\"widget\" data-settings=\"{&quot;template_id&quot;:795,&quot;_skin&quot;:&quot;post&quot;,&quot;columns&quot;:&quot;3&quot;,&quot;columns_tablet&quot;:&quot;2&quot;,&quot;columns_mobile&quot;:&quot;1&quot;,&quot;edit_handle_selector&quot;:&quot;[data-elementor-type=\\&quot;loop-item\\&quot;]&quot;,&quot;row_gap&quot;:{&quot;unit&quot;:&quot;px&quot;,&quot;size&quot;:&quot;&quot;,&quot;sizes&quot;:[]},&quot;row_gap_tablet&quot;:{&quot;unit&quot;:&quot;px&quot;,&quot;size&quot;:&quot;&quot;,&quot;sizes&quot;:[]},&quot;row_gap_mobile&quot;:{&quot;unit&quot;:&quot;px&quot;,&quot;size&quot;:&quot;&quot;,&quot;sizes&quot;:[]}}\" data-widget_type=\"loop-grid.post\">\n\t\t\t\t<div class=\"elementor-widget-container\">\n\t\t\t\t\t\t\t<div class=\"e-loop-nothing-found-message\">\n\t\t<\/div>\n\t\t\t\t\t\t<\/div>\n\t\t\t\t<\/div>\n\t\t\t\t<\/div>\n\t\t\t\t\t<\/div>\n\t\t\t\t<\/div>\n\t\t<div class=\"elementor-element elementor-element-133a7421 e-con-full e-flex elementor-invisible e-con e-parent\" data-id=\"133a7421\" data-element_type=\"container\" data-e-type=\"container\" data-settings=\"{&quot;background_background&quot;:&quot;video&quot;,&quot;background_video_link&quot;:&quot;https:\\\/\\\/youtu.be\\\/TMZtZtylxI4&quot;,&quot;background_play_on_mobile&quot;:&quot;yes&quot;,&quot;background_privacy_mode&quot;:&quot;yes&quot;,&quot;animation&quot;:&quot;fadeIn&quot;}\">\n\t\t<div class=\"elementor-background-video-container\">\n\t\t\t\t\t\t\t<div class=\"elementor-background-video-embed\" role=\"presentation\"><\/div>\n\t\t\t\t\t\t<\/div><div class=\"elementor-element elementor-element-1c4d33df e-con-full e-flex e-con e-child\" data-id=\"1c4d33df\" data-element_type=\"container\" data-e-type=\"container\" data-settings=\"{&quot;background_background&quot;:&quot;classic&quot;}\">\n\t\t\t\t<div class=\"elementor-element elementor-element-7dbcf5c1 elementor-widget__width-initial elementor-widget elementor-widget-text-editor\" data-id=\"7dbcf5c1\" data-element_type=\"widget\" data-e-type=\"widget\" data-widget_type=\"text-editor.default\">\n\t\t\t\t\t\t\t\t\t<p>Y\u00fcksek standartlarda t\u0131bbi hizmetler Komotini&#8217;deki Kad\u0131n Hastal\u0131klar\u0131 ve Do\u011fum Uzman\u0131 Alexandros Maina taraf\u0131ndan.<\/p>\t\t\t\t\t\t\t\t<\/div>\n\t\t\t\t<div class=\"elementor-element elementor-element-37b9323e elementor-widget elementor-widget-button\" data-id=\"37b9323e\" data-element_type=\"widget\" data-e-type=\"widget\" data-widget_type=\"button.default\">\n\t\t\t\t\t\t\t\t\t\t<a class=\"elementor-button elementor-button-link elementor-size-sm\" href=\"\/tr\/epikoinonia\/\">\n\t\t\t\t\t\t<span class=\"elementor-button-content-wrapper\">\n\t\t\t\t\t\t<span class=\"elementor-button-icon\">\n\t\t\t\t<svg aria-hidden=\"true\" class=\"e-font-icon-svg e-fas-arrow-right\" viewBox=\"0 0 448 512\" xmlns=\"http:\/\/www.w3.org\/2000\/svg\"><path d=\"M190.5 66.9l22.2-22.2c9.4-9.4 24.6-9.4 33.9 0L441 239c9.4 9.4 9.4 24.6 0 33.9L246.6 467.3c-9.4 9.4-24.6 9.4-33.9 0l-22.2-22.2c-9.5-9.5-9.3-25 .4-34.3L311.4 296H24c-13.3 0-24-10.7-24-24v-32c0-13.3 10.7-24 24-24h287.4L190.9 101.2c-9.8-9.3-10-24.8-.4-34.3z\"><\/path><\/svg>\t\t\t<\/span>\n\t\t\t\t\t\t\t\t\t<span class=\"elementor-button-text\">Doktorla randevu al\u0131n <\/span>\n\t\t\t\t\t<\/span>\n\t\t\t\t\t<\/a>\n\t\t\t\t\t\t\t\t<\/div>\n\t\t\t\t<\/div>\n\t\t\t\t<\/div>\n\t\t\t\t<\/div>\n\t\t","protected":false},"excerpt":{"rendered":"<p>G\u00fcncel Konular Jinekoloji konular\u0131 &#8211; Obstetrik konular\u0131 Y\u00fcksek standartlarda t\u0131bbi hizmetler Komotini&#8217;deki Kad\u0131n Hastal\u0131klar\u0131 ve Do\u011fum Uzman\u0131 Alexandros Maina taraf\u0131ndan. Doktorla randevu al\u0131n<\/p>\n","protected":false},"author":1,"featured_media":-1,"parent":0,"menu_order":0,"comment_status":"open","ping_status":"open","template":"elementor_header_footer","meta":{"footnotes":""},"class_list":["post-1280","page","type-page","status-publish","has-post-thumbnail","hentry"],"yoast_head":"<!-- This site is optimized with the Yoast SEO plugin v27.3 - https:\/\/yoast.com\/product\/yoast-seo-wordpress\/ -->\n<title>G\u00fcncel Konular | Alexandros Mainas MD, PhD<\/title>\n<meta name=\"description\" content=\"Komotini&#039;de muayenehanesi bulunan kad\u0131n do\u011fum uzman\u0131 Aleksandros Mainas MD, PhD&#039;nin web sitesinden ilgin\u00e7 jinekoloji ve obstetrik konular.\" \/>\n<meta name=\"robots\" content=\"index, follow, max-snippet:-1, max-image-preview:large, max-video-preview:-1\" \/>\n<link rel=\"canonical\" href=\"https:\/\/gynaikologos-komotini.gr\/tr\/epikaira-themata\/\" \/>\n<meta property=\"og:locale\" content=\"tr_TR\" \/>\n<meta property=\"og:type\" content=\"article\" \/>\n<meta property=\"og:title\" content=\"G\u00fcncel Konular | Alexandros Mainas MD, PhD\" \/>\n<meta property=\"og:description\" content=\"Komotini&#039;de muayenehanesi bulunan kad\u0131n do\u011fum uzman\u0131 Aleksandros Mainas MD, PhD&#039;nin web sitesinden ilgin\u00e7 jinekoloji ve obstetrik konular.\" \/>\n<meta property=\"og:url\" content=\"https:\/\/gynaikologos-komotini.gr\/tr\/epikaira-themata\/\" \/>\n<meta property=\"og:site_name\" content=\"\u0391\u03bb\u03ad\u03be\u03b1\u03bd\u03b4\u03c1\u03bf\u03c2 \u039c\u03ac\u03b9\u03bd\u03b1\u03c2 MD, PhD\" \/>\n<meta property=\"article:modified_time\" content=\"2026-04-08T09:56:42+00:00\" \/>\n<meta name=\"twitter:card\" content=\"summary_large_image\" \/>\n<script type=\"application\/ld+json\" class=\"yoast-schema-graph\">{\"@context\":\"https:\\\/\\\/schema.org\",\"@graph\":[{\"@type\":\"WebPage\",\"@id\":\"https:\\\/\\\/gynaikologos-komotini.gr\\\/tr\\\/epikaira-themata\\\/\",\"url\":\"https:\\\/\\\/gynaikologos-komotini.gr\\\/tr\\\/epikaira-themata\\\/\",\"name\":\"G\u00fcncel Konular | Alexandros Mainas MD, PhD\",\"isPartOf\":{\"@id\":\"https:\\\/\\\/gynaikologos-komotini.gr\\\/tr\\\/#website\"},\"datePublished\":\"2026-02-02T08:02:33+00:00\",\"dateModified\":\"2026-04-08T09:56:42+00:00\",\"description\":\"Komotini'de muayenehanesi bulunan kad\u0131n do\u011fum uzman\u0131 Aleksandros Mainas MD, PhD'nin web sitesinden ilgin\u00e7 jinekoloji ve obstetrik konular.\",\"breadcrumb\":{\"@id\":\"https:\\\/\\\/gynaikologos-komotini.gr\\\/tr\\\/epikaira-themata\\\/#breadcrumb\"},\"inLanguage\":\"tr\",\"potentialAction\":[{\"@type\":\"ReadAction\",\"target\":[\"https:\\\/\\\/gynaikologos-komotini.gr\\\/tr\\\/epikaira-themata\\\/\"]}]},{\"@type\":\"BreadcrumbList\",\"@id\":\"https:\\\/\\\/gynaikologos-komotini.gr\\\/tr\\\/epikaira-themata\\\/#breadcrumb\",\"itemListElement\":[{\"@type\":\"ListItem\",\"position\":1,\"name\":\"\u0391\u03c1\u03c7\u03b9\u03ba\u03ae\",\"item\":\"https:\\\/\\\/gynaikologos-komotini.gr\\\/tr\\\/\"},{\"@type\":\"ListItem\",\"position\":2,\"name\":\"G\u00fcncel Konular\"}]},{\"@type\":\"WebSite\",\"@id\":\"https:\\\/\\\/gynaikologos-komotini.gr\\\/tr\\\/#website\",\"url\":\"https:\\\/\\\/gynaikologos-komotini.gr\\\/tr\\\/\",\"name\":\"\u0391\u03bb\u03ad\u03be\u03b1\u03bd\u03b4\u03c1\u03bf\u03c2 \u039c\u03ac\u03b9\u03bd\u03b1\u03c2 MD, PhD\",\"description\":\"\",\"potentialAction\":[{\"@type\":\"SearchAction\",\"target\":{\"@type\":\"EntryPoint\",\"urlTemplate\":\"https:\\\/\\\/gynaikologos-komotini.gr\\\/tr\\\/?s={search_term_string}\"},\"query-input\":{\"@type\":\"PropertyValueSpecification\",\"valueRequired\":true,\"valueName\":\"search_term_string\"}}],\"inLanguage\":\"tr\"}]}<\/script>\n<!-- \/ Yoast SEO plugin. -->","yoast_head_json":{"title":"G\u00fcncel Konular | Alexandros Mainas MD, PhD","description":"Komotini'de muayenehanesi bulunan kad\u0131n do\u011fum uzman\u0131 Aleksandros Mainas MD, PhD'nin web sitesinden ilgin\u00e7 jinekoloji ve obstetrik konular.","robots":{"index":"index","follow":"follow","max-snippet":"max-snippet:-1","max-image-preview":"max-image-preview:large","max-video-preview":"max-video-preview:-1"},"canonical":"https:\/\/gynaikologos-komotini.gr\/tr\/epikaira-themata\/","og_locale":"tr_TR","og_type":"article","og_title":"G\u00fcncel Konular | Alexandros Mainas MD, PhD","og_description":"Komotini'de muayenehanesi bulunan kad\u0131n do\u011fum uzman\u0131 Aleksandros Mainas MD, PhD'nin web sitesinden ilgin\u00e7 jinekoloji ve obstetrik konular.","og_url":"https:\/\/gynaikologos-komotini.gr\/tr\/epikaira-themata\/","og_site_name":"\u0391\u03bb\u03ad\u03be\u03b1\u03bd\u03b4\u03c1\u03bf\u03c2 \u039c\u03ac\u03b9\u03bd\u03b1\u03c2 MD, PhD","article_modified_time":"2026-04-08T09:56:42+00:00","twitter_card":"summary_large_image","schema":{"@context":"https:\/\/schema.org","@graph":[{"@type":"WebPage","@id":"https:\/\/gynaikologos-komotini.gr\/tr\/epikaira-themata\/","url":"https:\/\/gynaikologos-komotini.gr\/tr\/epikaira-themata\/","name":"G\u00fcncel Konular | Alexandros Mainas MD, PhD","isPartOf":{"@id":"https:\/\/gynaikologos-komotini.gr\/tr\/#website"},"datePublished":"2026-02-02T08:02:33+00:00","dateModified":"2026-04-08T09:56:42+00:00","description":"Komotini'de muayenehanesi bulunan kad\u0131n do\u011fum uzman\u0131 Aleksandros Mainas MD, PhD'nin web sitesinden ilgin\u00e7 jinekoloji ve obstetrik konular.","breadcrumb":{"@id":"https:\/\/gynaikologos-komotini.gr\/tr\/epikaira-themata\/#breadcrumb"},"inLanguage":"tr","potentialAction":[{"@type":"ReadAction","target":["https:\/\/gynaikologos-komotini.gr\/tr\/epikaira-themata\/"]}]},{"@type":"BreadcrumbList","@id":"https:\/\/gynaikologos-komotini.gr\/tr\/epikaira-themata\/#breadcrumb","itemListElement":[{"@type":"ListItem","position":1,"name":"\u0391\u03c1\u03c7\u03b9\u03ba\u03ae","item":"https:\/\/gynaikologos-komotini.gr\/tr\/"},{"@type":"ListItem","position":2,"name":"G\u00fcncel Konular"}]},{"@type":"WebSite","@id":"https:\/\/gynaikologos-komotini.gr\/tr\/#website","url":"https:\/\/gynaikologos-komotini.gr\/tr\/","name":"\u0391\u03bb\u03ad\u03be\u03b1\u03bd\u03b4\u03c1\u03bf\u03c2 \u039c\u03ac\u03b9\u03bd\u03b1\u03c2 MD, PhD","description":"","potentialAction":[{"@type":"SearchAction","target":{"@type":"EntryPoint","urlTemplate":"https:\/\/gynaikologos-komotini.gr\/tr\/?s={search_term_string}"},"query-input":{"@type":"PropertyValueSpecification","valueRequired":true,"valueName":"search_term_string"}}],"inLanguage":"tr"}]}},"_links":{"self":[{"href":"https:\/\/gynaikologos-komotini.gr\/tr\/wp-json\/wp\/v2\/pages\/1280","targetHints":{"allow":["GET"]}}],"collection":[{"href":"https:\/\/gynaikologos-komotini.gr\/tr\/wp-json\/wp\/v2\/pages"}],"about":[{"href":"https:\/\/gynaikologos-komotini.gr\/tr\/wp-json\/wp\/v2\/types\/page"}],"author":[{"embeddable":true,"href":"https:\/\/gynaikologos-komotini.gr\/tr\/wp-json\/wp\/v2\/users\/1"}],"replies":[{"embeddable":true,"href":"https:\/\/gynaikologos-komotini.gr\/tr\/wp-json\/wp\/v2\/comments?post=1280"}],"version-history":[{"count":3,"href":"https:\/\/gynaikologos-komotini.gr\/tr\/wp-json\/wp\/v2\/pages\/1280\/revisions"}],"predecessor-version":[{"id":1287,"href":"https:\/\/gynaikologos-komotini.gr\/tr\/wp-json\/wp\/v2\/pages\/1280\/revisions\/1287"}],"wp:featuredmedia":[{"embeddable":true,"href":"https:\/\/gynaikologos-komotini.gr\/tr\/wp-json\/"}],"wp:attachment":[{"href":"https:\/\/gynaikologos-komotini.gr\/tr\/wp-json\/wp\/v2\/media?parent=1280"}],"curies":[{"name":"wp","href":"https:\/\/api.w.org\/{rel}","templated":true}]}}